
{"id":279,"date":"2022-06-17T12:21:29","date_gmt":"2022-06-17T10:21:29","guid":{"rendered":"https:\/\/www.blagroep.nl\/bla-groep\/"},"modified":"2023-05-25T18:39:58","modified_gmt":"2023-05-25T16:39:58","slug":"bla-groep","status":"publish","type":"page","link":"https:\/\/www.blagroep.nl\/hu\/bla-groep\/","title":{"rendered":"BLA Groep"},"content":{"rendered":"<p>Tapasztalattal rendelkez\u0151 \u00e9s megb\u00edzhat\u00f3 irod\u00e1t keres k\u00f6nyvel\u00e9se \u00e9s b\u00e9rsz\u00e1mfejt\u00e9se v\u00e9gz\u00e9s\u00e9re? Egy irod\u00e1t, akire nyugodt sz\u00edvvel r\u00e1b\u00edzhatja adminisztr\u00e1ci\u00f3j\u00e1t?\u00a0<strong>Akkor a BLA csoportn\u00e1l j\u00f3 helyen j\u00e1r, mert mi:<\/strong><\/p>\n<ul>\n<li>Csak j\u00f3l k\u00e9pzett munkat\u00e1rsakkal dolgozunk<\/li>\n<li>Megb\u00edzhat\u00f3ak vagyunk<\/li>\n<li>Ismerj\u00fck a leg\u00fajabb t\u00f6rv\u00e9nyi \u00e9s jogszab\u00e1lyi el\u0151\u00edr\u00e1sokat, v\u00e1ltoz\u00e1sokat<\/li>\n<li>Gondoskodunk r\u00f3la, hogy az \u00d6n \u00fcgyei a lehet\u0151 legr\u00f6videbb id\u0151 alatt megold\u00f3djanak<\/li>\n<li>Kedvez\u0151 \u00e1rakra t\u00f6reksz\u00fcnk<\/li>\n<\/ul>\n<p><!--more--><\/p>\n<ul>\n<li>V\u00e1llalkoz\u00e1sunk teljes bizalmas kezel\u00e9st garant\u00e1l minden \u00fcgyf\u00e9l-inform\u00e1ci\u00f3ra<\/li>\n<li>Minden \u00fcgyf\u00e9lnek szem\u00e9lyre szabott megk\u00f6zel\u00edt\u00e9st biztos\u00edtunk<\/li>\n<li>Szorosan figyelemmel k\u00eds\u00e9rj\u00fck az ad\u00f3bevall\u00e1sok el\u0151k\u00e9sz\u00edt\u00e9s\u00e9t \u00e9s pontoss\u00e1g\u00e1t<\/li>\n<li>Teljes vagy r\u00e9szleges terhet v\u00e1llalunk az \u00f6n k\u00f6nyvel\u00e9si \u00e9s ad\u00f3z\u00e1si k\u00e9rd\u00e9seivel kapcsolatban<\/li>\n<li>Kis \u00e9s k\u00f6zepes v\u00e1llalkoz\u00e1sok sz\u00e1m\u00e1ra is el\u00e9rhet\u0151ek vagyunk<\/li>\n<li>T\u00f6bb mint 16 \u00e9v alatt kiterjedt \u00fcgyf\u00e9lk\u00f6rt \u00e9p\u00edtett\u00fcnk ki k\u00fcl\u00f6nb\u00f6z\u0151 \u00e1gazatokban<\/li>\n<li>Rugalmasak, prec\u00edzek, hat\u00e9konyak \u00e9s megb\u00edzhat\u00f3ak vagyunk<\/li>\n<li>Enged\u00e9lyezett szoftvert haszn\u00e1lunk<\/li>\n<\/ul>\n<p>Az elm\u00falt \u00e9vtizedek alatt kb. 2000 el\u00e9gedett \u00fcgyf\u00e9lnek tudtunk seg\u00edteni, f\u00fcggetlen\u00fcl att\u00f3l, hogy egy\u00e9ni v\u00e1llalkoz\u00f3 vagy egy 400 f\u0151s v\u00e1llalkoz\u00e1st vezet. Mi minden esetben a t\u0151l\u00fcnk telhet\u0151 legsz\u00ednvonalasabb szolg\u00e1ltat\u00e1sra t\u00f6reksz\u00fcnk. Gyorsan de k\u00f6r\u00fcltekint\u0151en v\u00e9gezz\u00fck el a r\u00e1nk b\u00edzott feladatokat, tov\u00e1bb\u00e1 mindig az \u00d6nnek legel\u0151ny\u00f6sebb megold\u00e1sokra t\u00f6reksz\u00fcnk, figyelembe v\u00e9ve a leg\u00fajabb t\u00f6rv\u00e9nyi \u00e9s jogszab\u00e1lyi el\u00f5\u00edr\u00e1sokat.<\/p>\n<p><strong>K\u00e9t szervezet egy tet<\/strong><strong>\u0151<\/strong><strong> alatt<\/strong><\/p>\n<p>A BLA csoporton bel\u00fcl k\u00e9t v\u00e1llalkoz\u00e1s m\u0171k\u00f6dik egy\u00fctt a legjobb adminisztr\u00e1ci\u00f3s szolg\u00e1ltat\u00e1s ny\u00fajt\u00e1sa \u00e9rdek\u00e9ben. A b\u00e9rsz\u00e1mfejt\u00e9st a BLA Rotterdam B.V., m\u00edg a k\u00f6nyvel\u00e9st a Klein Administraties B.V. v\u00e9gzi.<\/p>\n<p>A BLA csoport j\u00f3l k\u00e9pzett munkat\u00e1rsakkal dolgozik az \u00d6n b\u00e9rsz\u00e1mfejt\u00e9s\u00e9n \u00e9s k\u00f6nyvel\u00e9s\u00e9n. Ezen k\u00edv\u00fcl k\u00fcls\u0151 kapcsolatokkal is rendelkez\u00fcnk, \u00e9s amennyiben sz\u00fcks\u00e9gess\u00e9 v\u00e1lik, \u00fagy\u00a0 tov\u00e1bbi partnerekkel egy\u00fcttm\u0171k\u00f6dve v\u00e9gezz\u00fck az adminisztr\u00e1ci\u00f3s munk\u00e1t. \u00cdgy \u00d6n mindig a legjobb min\u0151s\u00e9gre sz\u00e1m\u00edthat t\u0151l\u00fcnk.<\/p>\n","protected":false},"excerpt":{"rendered":"<p>Tapasztalattal rendelkez\u0151 \u00e9s megb\u00edzhat\u00f3 irod\u00e1t keres k\u00f6nyvel\u00e9se \u00e9s b\u00e9rsz\u00e1mfejt\u00e9se v\u00e9gz\u00e9s\u00e9re? Egy irod\u00e1t, akire nyugodt sz\u00edvvel r\u00e1b\u00edzhatja adminisztr\u00e1ci\u00f3j\u00e1t?\u00a0Akkor a BLA csoportn\u00e1l [&hellip;]<\/p>\n","protected":false},"author":1,"featured_media":69,"parent":0,"menu_order":0,"comment_status":"closed","ping_status":"closed","template":"","meta":{"_acf_changed":false,"footnotes":""},"class_list":["post-279","page","type-page","status-publish","has-post-thumbnail","hentry"],"acf":[],"yoast_head":"<!-- This site is optimized with the Yoast SEO plugin v25.1 - https:\/\/yoast.com\/wordpress\/plugins\/seo\/ -->\n<title>BLA Groep - BLA Groep<\/title>\n<meta name=\"robots\" content=\"index, follow, max-snippet:-1, max-image-preview:large, max-video-preview:-1\" \/>\n<link rel=\"canonical\" href=\"https:\/\/www.blagroep.nl\/hu\/bla-groep\/\" \/>\n<meta property=\"og:locale\" content=\"hu_HU\" \/>\n<meta property=\"og:type\" content=\"article\" \/>\n<meta property=\"og:title\" content=\"BLA Groep - BLA Groep\" \/>\n<meta property=\"og:description\" content=\"Tapasztalattal rendelkez\u0151 \u00e9s megb\u00edzhat\u00f3 irod\u00e1t keres k\u00f6nyvel\u00e9se \u00e9s b\u00e9rsz\u00e1mfejt\u00e9se v\u00e9gz\u00e9s\u00e9re? Egy irod\u00e1t, akire nyugodt sz\u00edvvel r\u00e1b\u00edzhatja adminisztr\u00e1ci\u00f3j\u00e1t?\u00a0Akkor a BLA csoportn\u00e1l [&hellip;]\" \/>\n<meta property=\"og:url\" content=\"https:\/\/www.blagroep.nl\/hu\/bla-groep\/\" \/>\n<meta property=\"og:site_name\" content=\"BLA Groep\" \/>\n<meta property=\"article:modified_time\" content=\"2023-05-25T16:39:58+00:00\" \/>\n<meta property=\"og:image\" content=\"https:\/\/www.blagroep.nl\/wp-content\/uploads\/2022\/06\/94141038_s.png\" \/>\n\t<meta property=\"og:image:width\" content=\"848\" \/>\n\t<meta property=\"og:image:height\" content=\"565\" \/>\n\t<meta property=\"og:image:type\" content=\"image\/png\" \/>\n<meta name=\"twitter:card\" content=\"summary_large_image\" \/>\n<meta name=\"twitter:label1\" content=\"Becs\u00fclt olvas\u00e1si id\u0151\" \/>\n\t<meta name=\"twitter:data1\" content=\"2 perc\" \/>\n<script type=\"application\/ld+json\" class=\"yoast-schema-graph\">{\"@context\":\"https:\/\/schema.org\",\"@graph\":[{\"@type\":\"WebPage\",\"@id\":\"https:\/\/www.blagroep.nl\/hu\/bla-groep\/\",\"url\":\"https:\/\/www.blagroep.nl\/hu\/bla-groep\/\",\"name\":\"BLA Groep - BLA Groep\",\"isPartOf\":{\"@id\":\"https:\/\/www.blagroep.nl\/hu\/#website\"},\"primaryImageOfPage\":{\"@id\":\"https:\/\/www.blagroep.nl\/hu\/bla-groep\/#primaryimage\"},\"image\":{\"@id\":\"https:\/\/www.blagroep.nl\/hu\/bla-groep\/#primaryimage\"},\"thumbnailUrl\":\"https:\/\/www.blagroep.nl\/wp-content\/uploads\/2022\/06\/94141038_s.png\",\"datePublished\":\"2022-06-17T10:21:29+00:00\",\"dateModified\":\"2023-05-25T16:39:58+00:00\",\"breadcrumb\":{\"@id\":\"https:\/\/www.blagroep.nl\/hu\/bla-groep\/#breadcrumb\"},\"inLanguage\":\"hu\",\"potentialAction\":[{\"@type\":\"ReadAction\",\"target\":[\"https:\/\/www.blagroep.nl\/hu\/bla-groep\/\"]}]},{\"@type\":\"ImageObject\",\"inLanguage\":\"hu\",\"@id\":\"https:\/\/www.blagroep.nl\/hu\/bla-groep\/#primaryimage\",\"url\":\"https:\/\/www.blagroep.nl\/wp-content\/uploads\/2022\/06\/94141038_s.png\",\"contentUrl\":\"https:\/\/www.blagroep.nl\/wp-content\/uploads\/2022\/06\/94141038_s.png\",\"width\":848,\"height\":565},{\"@type\":\"BreadcrumbList\",\"@id\":\"https:\/\/www.blagroep.nl\/hu\/bla-groep\/#breadcrumb\",\"itemListElement\":[{\"@type\":\"ListItem\",\"position\":1,\"name\":\"Home\",\"item\":\"https:\/\/www.blagroep.nl\/hu\/\"},{\"@type\":\"ListItem\",\"position\":2,\"name\":\"BLA Groep\"}]},{\"@type\":\"WebSite\",\"@id\":\"https:\/\/www.blagroep.nl\/hu\/#website\",\"url\":\"https:\/\/www.blagroep.nl\/hu\/\",\"name\":\"BLA Groep\",\"description\":\"Boekhouding, Loonadministratie en Advies\",\"publisher\":{\"@id\":\"https:\/\/www.blagroep.nl\/hu\/#organization\"},\"potentialAction\":[{\"@type\":\"SearchAction\",\"target\":{\"@type\":\"EntryPoint\",\"urlTemplate\":\"https:\/\/www.blagroep.nl\/hu\/?s={search_term_string}\"},\"query-input\":{\"@type\":\"PropertyValueSpecification\",\"valueRequired\":true,\"valueName\":\"search_term_string\"}}],\"inLanguage\":\"hu\"},{\"@type\":\"Organization\",\"@id\":\"https:\/\/www.blagroep.nl\/hu\/#organization\",\"name\":\"BLA Groep\",\"url\":\"https:\/\/www.blagroep.nl\/hu\/\",\"logo\":{\"@type\":\"ImageObject\",\"inLanguage\":\"hu\",\"@id\":\"https:\/\/www.blagroep.nl\/hu\/#\/schema\/logo\/image\/\",\"url\":\"https:\/\/www.blagroep.nl\/wp-content\/uploads\/2022\/06\/blagroep-logo.png\",\"contentUrl\":\"https:\/\/www.blagroep.nl\/wp-content\/uploads\/2022\/06\/blagroep-logo.png\",\"width\":410,\"height\":383,\"caption\":\"BLA Groep\"},\"image\":{\"@id\":\"https:\/\/www.blagroep.nl\/hu\/#\/schema\/logo\/image\/\"}}]}<\/script>\n<!-- \/ Yoast SEO plugin. -->","yoast_head_json":{"title":"BLA Groep - BLA Groep","robots":{"index":"index","follow":"follow","max-snippet":"max-snippet:-1","max-image-preview":"max-image-preview:large","max-video-preview":"max-video-preview:-1"},"canonical":"https:\/\/www.blagroep.nl\/hu\/bla-groep\/","og_locale":"hu_HU","og_type":"article","og_title":"BLA Groep - BLA Groep","og_description":"Tapasztalattal rendelkez\u0151 \u00e9s megb\u00edzhat\u00f3 irod\u00e1t keres k\u00f6nyvel\u00e9se \u00e9s b\u00e9rsz\u00e1mfejt\u00e9se v\u00e9gz\u00e9s\u00e9re? Egy irod\u00e1t, akire nyugodt sz\u00edvvel r\u00e1b\u00edzhatja adminisztr\u00e1ci\u00f3j\u00e1t?\u00a0Akkor a BLA csoportn\u00e1l [&hellip;]","og_url":"https:\/\/www.blagroep.nl\/hu\/bla-groep\/","og_site_name":"BLA Groep","article_modified_time":"2023-05-25T16:39:58+00:00","og_image":[{"width":848,"height":565,"url":"https:\/\/www.blagroep.nl\/wp-content\/uploads\/2022\/06\/94141038_s.png","type":"image\/png"}],"twitter_card":"summary_large_image","twitter_misc":{"Becs\u00fclt olvas\u00e1si id\u0151":"2 perc"},"schema":{"@context":"https:\/\/schema.org","@graph":[{"@type":"WebPage","@id":"https:\/\/www.blagroep.nl\/hu\/bla-groep\/","url":"https:\/\/www.blagroep.nl\/hu\/bla-groep\/","name":"BLA Groep - BLA Groep","isPartOf":{"@id":"https:\/\/www.blagroep.nl\/hu\/#website"},"primaryImageOfPage":{"@id":"https:\/\/www.blagroep.nl\/hu\/bla-groep\/#primaryimage"},"image":{"@id":"https:\/\/www.blagroep.nl\/hu\/bla-groep\/#primaryimage"},"thumbnailUrl":"https:\/\/www.blagroep.nl\/wp-content\/uploads\/2022\/06\/94141038_s.png","datePublished":"2022-06-17T10:21:29+00:00","dateModified":"2023-05-25T16:39:58+00:00","breadcrumb":{"@id":"https:\/\/www.blagroep.nl\/hu\/bla-groep\/#breadcrumb"},"inLanguage":"hu","potentialAction":[{"@type":"ReadAction","target":["https:\/\/www.blagroep.nl\/hu\/bla-groep\/"]}]},{"@type":"ImageObject","inLanguage":"hu","@id":"https:\/\/www.blagroep.nl\/hu\/bla-groep\/#primaryimage","url":"https:\/\/www.blagroep.nl\/wp-content\/uploads\/2022\/06\/94141038_s.png","contentUrl":"https:\/\/www.blagroep.nl\/wp-content\/uploads\/2022\/06\/94141038_s.png","width":848,"height":565},{"@type":"BreadcrumbList","@id":"https:\/\/www.blagroep.nl\/hu\/bla-groep\/#breadcrumb","itemListElement":[{"@type":"ListItem","position":1,"name":"Home","item":"https:\/\/www.blagroep.nl\/hu\/"},{"@type":"ListItem","position":2,"name":"BLA Groep"}]},{"@type":"WebSite","@id":"https:\/\/www.blagroep.nl\/hu\/#website","url":"https:\/\/www.blagroep.nl\/hu\/","name":"BLA Groep","description":"Boekhouding, Loonadministratie en Advies","publisher":{"@id":"https:\/\/www.blagroep.nl\/hu\/#organization"},"potentialAction":[{"@type":"SearchAction","target":{"@type":"EntryPoint","urlTemplate":"https:\/\/www.blagroep.nl\/hu\/?s={search_term_string}"},"query-input":{"@type":"PropertyValueSpecification","valueRequired":true,"valueName":"search_term_string"}}],"inLanguage":"hu"},{"@type":"Organization","@id":"https:\/\/www.blagroep.nl\/hu\/#organization","name":"BLA Groep","url":"https:\/\/www.blagroep.nl\/hu\/","logo":{"@type":"ImageObject","inLanguage":"hu","@id":"https:\/\/www.blagroep.nl\/hu\/#\/schema\/logo\/image\/","url":"https:\/\/www.blagroep.nl\/wp-content\/uploads\/2022\/06\/blagroep-logo.png","contentUrl":"https:\/\/www.blagroep.nl\/wp-content\/uploads\/2022\/06\/blagroep-logo.png","width":410,"height":383,"caption":"BLA Groep"},"image":{"@id":"https:\/\/www.blagroep.nl\/hu\/#\/schema\/logo\/image\/"}}]}},"_links":{"self":[{"href":"https:\/\/www.blagroep.nl\/hu\/wp-json\/wp\/v2\/pages\/279","targetHints":{"allow":["GET"]}}],"collection":[{"href":"https:\/\/www.blagroep.nl\/hu\/wp-json\/wp\/v2\/pages"}],"about":[{"href":"https:\/\/www.blagroep.nl\/hu\/wp-json\/wp\/v2\/types\/page"}],"author":[{"embeddable":true,"href":"https:\/\/www.blagroep.nl\/hu\/wp-json\/wp\/v2\/users\/1"}],"replies":[{"embeddable":true,"href":"https:\/\/www.blagroep.nl\/hu\/wp-json\/wp\/v2\/comments?post=279"}],"version-history":[{"count":0,"href":"https:\/\/www.blagroep.nl\/hu\/wp-json\/wp\/v2\/pages\/279\/revisions"}],"wp:featuredmedia":[{"embeddable":true,"href":"https:\/\/www.blagroep.nl\/hu\/wp-json\/wp\/v2\/media\/69"}],"wp:attachment":[{"href":"https:\/\/www.blagroep.nl\/hu\/wp-json\/wp\/v2\/media?parent=279"}],"curies":[{"name":"wp","href":"https:\/\/api.w.org\/{rel}","templated":true}]}}