
{"id":283,"date":"2022-07-26T08:23:19","date_gmt":"2022-07-26T08:23:19","guid":{"rendered":"https:\/\/www.blagroep.nl\/zie-je-geen-uitweg-uit-je-financiele-situaties\/"},"modified":"2023-03-09T18:36:38","modified_gmt":"2023-03-09T18:36:38","slug":"zie-je-geen-uitweg-uit-je-financiele-situaties","status":"publish","type":"page","link":"https:\/\/www.blagroep.nl\/hu\/zie-je-geen-uitweg-uit-je-financiele-situaties\/","title":{"rendered":"Nem l\u00e1t m\u00e1r kiutat anyagi helyzet\u00e9b\u0151l?"},"content":{"rendered":"<div class=\"normalText\">\n<p>Klein Budgetbeheer seg\u00edthet abban, hogy eg\u00e9szs\u00e9ges p\u00e9nz\u00fcgyi helyzetbe ker\u00fclj\u00f6n, \u00edgy kevesebb gonddal \u00e9lheti \u00e9let\u00e9t. Egy \u00fcgyint\u00e9z\u0151 \u00fcgyel az \u00d6n p\u00e9nz\u00fcgyi \u00e9rdekeire, stabiliz\u00e1lja az anyagi helyzet\u00e9t, \u00e9s lehet\u0151s\u00e9geket kihaszn\u00e1lva, az ad\u00f3ss\u00e1gmentes j\u00f6v\u0151\u00e9rt dolgozik.<\/p>\n<\/div>\n","protected":false},"excerpt":{"rendered":"<p>Klein Budgetbeheer seg\u00edthet abban, hogy eg\u00e9szs\u00e9ges p\u00e9nz\u00fcgyi helyzetbe ker\u00fclj\u00f6n, \u00edgy kevesebb gonddal \u00e9lheti \u00e9let\u00e9t. Egy \u00fcgyint\u00e9z\u0151 \u00fcgyel az \u00d6n p\u00e9nz\u00fcgyi [&hellip;]<\/p>\n","protected":false},"author":3,"featured_media":111,"parent":0,"menu_order":0,"comment_status":"closed","ping_status":"closed","template":"","meta":{"_acf_changed":false,"footnotes":""},"class_list":["post-283","page","type-page","status-publish","has-post-thumbnail","hentry"],"acf":[],"yoast_head":"<!-- This site is optimized with the Yoast SEO plugin v25.1 - https:\/\/yoast.com\/wordpress\/plugins\/seo\/ -->\n<title>Nem l\u00e1t m\u00e1r kiutat anyagi helyzet\u00e9b\u0151l? - BLA Groep<\/title>\n<meta name=\"robots\" content=\"index, follow, max-snippet:-1, max-image-preview:large, max-video-preview:-1\" \/>\n<link rel=\"canonical\" href=\"https:\/\/www.blagroep.nl\/hu\/zie-je-geen-uitweg-uit-je-financiele-situaties\/\" \/>\n<meta property=\"og:locale\" content=\"hu_HU\" \/>\n<meta property=\"og:type\" content=\"article\" \/>\n<meta property=\"og:title\" content=\"Nem l\u00e1t m\u00e1r kiutat anyagi helyzet\u00e9b\u0151l? - BLA Groep\" \/>\n<meta property=\"og:description\" content=\"Klein Budgetbeheer seg\u00edthet abban, hogy eg\u00e9szs\u00e9ges p\u00e9nz\u00fcgyi helyzetbe ker\u00fclj\u00f6n, \u00edgy kevesebb gonddal \u00e9lheti \u00e9let\u00e9t. Egy \u00fcgyint\u00e9z\u0151 \u00fcgyel az \u00d6n p\u00e9nz\u00fcgyi [&hellip;]\" \/>\n<meta property=\"og:url\" content=\"https:\/\/www.blagroep.nl\/hu\/zie-je-geen-uitweg-uit-je-financiele-situaties\/\" \/>\n<meta property=\"og:site_name\" content=\"BLA Groep\" \/>\n<meta property=\"article:modified_time\" content=\"2023-03-09T18:36:38+00:00\" \/>\n<meta property=\"og:image\" content=\"https:\/\/www.blagroep.nl\/wp-content\/uploads\/2022\/06\/126489866_s.png\" \/>\n\t<meta property=\"og:image:width\" content=\"847\" \/>\n\t<meta property=\"og:image:height\" content=\"565\" \/>\n\t<meta property=\"og:image:type\" content=\"image\/png\" \/>\n<meta name=\"twitter:card\" content=\"summary_large_image\" \/>\n<meta name=\"twitter:label1\" content=\"Becs\u00fclt olvas\u00e1si id\u0151\" \/>\n\t<meta name=\"twitter:data1\" content=\"1 perc\" \/>\n<script type=\"application\/ld+json\" class=\"yoast-schema-graph\">{\"@context\":\"https:\/\/schema.org\",\"@graph\":[{\"@type\":\"WebPage\",\"@id\":\"https:\/\/www.blagroep.nl\/hu\/zie-je-geen-uitweg-uit-je-financiele-situaties\/\",\"url\":\"https:\/\/www.blagroep.nl\/hu\/zie-je-geen-uitweg-uit-je-financiele-situaties\/\",\"name\":\"Nem l\u00e1t m\u00e1r kiutat anyagi helyzet\u00e9b\u0151l? - BLA Groep\",\"isPartOf\":{\"@id\":\"https:\/\/www.blagroep.nl\/hu\/#website\"},\"primaryImageOfPage\":{\"@id\":\"https:\/\/www.blagroep.nl\/hu\/zie-je-geen-uitweg-uit-je-financiele-situaties\/#primaryimage\"},\"image\":{\"@id\":\"https:\/\/www.blagroep.nl\/hu\/zie-je-geen-uitweg-uit-je-financiele-situaties\/#primaryimage\"},\"thumbnailUrl\":\"https:\/\/www.blagroep.nl\/wp-content\/uploads\/2022\/06\/126489866_s.png\",\"datePublished\":\"2022-07-26T08:23:19+00:00\",\"dateModified\":\"2023-03-09T18:36:38+00:00\",\"breadcrumb\":{\"@id\":\"https:\/\/www.blagroep.nl\/hu\/zie-je-geen-uitweg-uit-je-financiele-situaties\/#breadcrumb\"},\"inLanguage\":\"hu\",\"potentialAction\":[{\"@type\":\"ReadAction\",\"target\":[\"https:\/\/www.blagroep.nl\/hu\/zie-je-geen-uitweg-uit-je-financiele-situaties\/\"]}]},{\"@type\":\"ImageObject\",\"inLanguage\":\"hu\",\"@id\":\"https:\/\/www.blagroep.nl\/hu\/zie-je-geen-uitweg-uit-je-financiele-situaties\/#primaryimage\",\"url\":\"https:\/\/www.blagroep.nl\/wp-content\/uploads\/2022\/06\/126489866_s.png\",\"contentUrl\":\"https:\/\/www.blagroep.nl\/wp-content\/uploads\/2022\/06\/126489866_s.png\",\"width\":847,\"height\":565},{\"@type\":\"BreadcrumbList\",\"@id\":\"https:\/\/www.blagroep.nl\/hu\/zie-je-geen-uitweg-uit-je-financiele-situaties\/#breadcrumb\",\"itemListElement\":[{\"@type\":\"ListItem\",\"position\":1,\"name\":\"Home\",\"item\":\"https:\/\/www.blagroep.nl\/hu\/\"},{\"@type\":\"ListItem\",\"position\":2,\"name\":\"Nem l\u00e1t m\u00e1r kiutat anyagi helyzet\u00e9b\u0151l?\"}]},{\"@type\":\"WebSite\",\"@id\":\"https:\/\/www.blagroep.nl\/hu\/#website\",\"url\":\"https:\/\/www.blagroep.nl\/hu\/\",\"name\":\"BLA Groep\",\"description\":\"Boekhouding, Loonadministratie en Advies\",\"publisher\":{\"@id\":\"https:\/\/www.blagroep.nl\/hu\/#organization\"},\"potentialAction\":[{\"@type\":\"SearchAction\",\"target\":{\"@type\":\"EntryPoint\",\"urlTemplate\":\"https:\/\/www.blagroep.nl\/hu\/?s={search_term_string}\"},\"query-input\":{\"@type\":\"PropertyValueSpecification\",\"valueRequired\":true,\"valueName\":\"search_term_string\"}}],\"inLanguage\":\"hu\"},{\"@type\":\"Organization\",\"@id\":\"https:\/\/www.blagroep.nl\/hu\/#organization\",\"name\":\"BLA Groep\",\"url\":\"https:\/\/www.blagroep.nl\/hu\/\",\"logo\":{\"@type\":\"ImageObject\",\"inLanguage\":\"hu\",\"@id\":\"https:\/\/www.blagroep.nl\/hu\/#\/schema\/logo\/image\/\",\"url\":\"https:\/\/www.blagroep.nl\/wp-content\/uploads\/2022\/06\/blagroep-logo.png\",\"contentUrl\":\"https:\/\/www.blagroep.nl\/wp-content\/uploads\/2022\/06\/blagroep-logo.png\",\"width\":410,\"height\":383,\"caption\":\"BLA Groep\"},\"image\":{\"@id\":\"https:\/\/www.blagroep.nl\/hu\/#\/schema\/logo\/image\/\"}}]}<\/script>\n<!-- \/ Yoast SEO plugin. -->","yoast_head_json":{"title":"Nem l\u00e1t m\u00e1r kiutat anyagi helyzet\u00e9b\u0151l? - BLA Groep","robots":{"index":"index","follow":"follow","max-snippet":"max-snippet:-1","max-image-preview":"max-image-preview:large","max-video-preview":"max-video-preview:-1"},"canonical":"https:\/\/www.blagroep.nl\/hu\/zie-je-geen-uitweg-uit-je-financiele-situaties\/","og_locale":"hu_HU","og_type":"article","og_title":"Nem l\u00e1t m\u00e1r kiutat anyagi helyzet\u00e9b\u0151l? - BLA Groep","og_description":"Klein Budgetbeheer seg\u00edthet abban, hogy eg\u00e9szs\u00e9ges p\u00e9nz\u00fcgyi helyzetbe ker\u00fclj\u00f6n, \u00edgy kevesebb gonddal \u00e9lheti \u00e9let\u00e9t. Egy \u00fcgyint\u00e9z\u0151 \u00fcgyel az \u00d6n p\u00e9nz\u00fcgyi [&hellip;]","og_url":"https:\/\/www.blagroep.nl\/hu\/zie-je-geen-uitweg-uit-je-financiele-situaties\/","og_site_name":"BLA Groep","article_modified_time":"2023-03-09T18:36:38+00:00","og_image":[{"width":847,"height":565,"url":"https:\/\/www.blagroep.nl\/wp-content\/uploads\/2022\/06\/126489866_s.png","type":"image\/png"}],"twitter_card":"summary_large_image","twitter_misc":{"Becs\u00fclt olvas\u00e1si id\u0151":"1 perc"},"schema":{"@context":"https:\/\/schema.org","@graph":[{"@type":"WebPage","@id":"https:\/\/www.blagroep.nl\/hu\/zie-je-geen-uitweg-uit-je-financiele-situaties\/","url":"https:\/\/www.blagroep.nl\/hu\/zie-je-geen-uitweg-uit-je-financiele-situaties\/","name":"Nem l\u00e1t m\u00e1r kiutat anyagi helyzet\u00e9b\u0151l? - BLA Groep","isPartOf":{"@id":"https:\/\/www.blagroep.nl\/hu\/#website"},"primaryImageOfPage":{"@id":"https:\/\/www.blagroep.nl\/hu\/zie-je-geen-uitweg-uit-je-financiele-situaties\/#primaryimage"},"image":{"@id":"https:\/\/www.blagroep.nl\/hu\/zie-je-geen-uitweg-uit-je-financiele-situaties\/#primaryimage"},"thumbnailUrl":"https:\/\/www.blagroep.nl\/wp-content\/uploads\/2022\/06\/126489866_s.png","datePublished":"2022-07-26T08:23:19+00:00","dateModified":"2023-03-09T18:36:38+00:00","breadcrumb":{"@id":"https:\/\/www.blagroep.nl\/hu\/zie-je-geen-uitweg-uit-je-financiele-situaties\/#breadcrumb"},"inLanguage":"hu","potentialAction":[{"@type":"ReadAction","target":["https:\/\/www.blagroep.nl\/hu\/zie-je-geen-uitweg-uit-je-financiele-situaties\/"]}]},{"@type":"ImageObject","inLanguage":"hu","@id":"https:\/\/www.blagroep.nl\/hu\/zie-je-geen-uitweg-uit-je-financiele-situaties\/#primaryimage","url":"https:\/\/www.blagroep.nl\/wp-content\/uploads\/2022\/06\/126489866_s.png","contentUrl":"https:\/\/www.blagroep.nl\/wp-content\/uploads\/2022\/06\/126489866_s.png","width":847,"height":565},{"@type":"BreadcrumbList","@id":"https:\/\/www.blagroep.nl\/hu\/zie-je-geen-uitweg-uit-je-financiele-situaties\/#breadcrumb","itemListElement":[{"@type":"ListItem","position":1,"name":"Home","item":"https:\/\/www.blagroep.nl\/hu\/"},{"@type":"ListItem","position":2,"name":"Nem l\u00e1t m\u00e1r kiutat anyagi helyzet\u00e9b\u0151l?"}]},{"@type":"WebSite","@id":"https:\/\/www.blagroep.nl\/hu\/#website","url":"https:\/\/www.blagroep.nl\/hu\/","name":"BLA Groep","description":"Boekhouding, Loonadministratie en Advies","publisher":{"@id":"https:\/\/www.blagroep.nl\/hu\/#organization"},"potentialAction":[{"@type":"SearchAction","target":{"@type":"EntryPoint","urlTemplate":"https:\/\/www.blagroep.nl\/hu\/?s={search_term_string}"},"query-input":{"@type":"PropertyValueSpecification","valueRequired":true,"valueName":"search_term_string"}}],"inLanguage":"hu"},{"@type":"Organization","@id":"https:\/\/www.blagroep.nl\/hu\/#organization","name":"BLA Groep","url":"https:\/\/www.blagroep.nl\/hu\/","logo":{"@type":"ImageObject","inLanguage":"hu","@id":"https:\/\/www.blagroep.nl\/hu\/#\/schema\/logo\/image\/","url":"https:\/\/www.blagroep.nl\/wp-content\/uploads\/2022\/06\/blagroep-logo.png","contentUrl":"https:\/\/www.blagroep.nl\/wp-content\/uploads\/2022\/06\/blagroep-logo.png","width":410,"height":383,"caption":"BLA Groep"},"image":{"@id":"https:\/\/www.blagroep.nl\/hu\/#\/schema\/logo\/image\/"}}]}},"_links":{"self":[{"href":"https:\/\/www.blagroep.nl\/hu\/wp-json\/wp\/v2\/pages\/283","targetHints":{"allow":["GET"]}}],"collection":[{"href":"https:\/\/www.blagroep.nl\/hu\/wp-json\/wp\/v2\/pages"}],"about":[{"href":"https:\/\/www.blagroep.nl\/hu\/wp-json\/wp\/v2\/types\/page"}],"author":[{"embeddable":true,"href":"https:\/\/www.blagroep.nl\/hu\/wp-json\/wp\/v2\/users\/3"}],"replies":[{"embeddable":true,"href":"https:\/\/www.blagroep.nl\/hu\/wp-json\/wp\/v2\/comments?post=283"}],"version-history":[{"count":0,"href":"https:\/\/www.blagroep.nl\/hu\/wp-json\/wp\/v2\/pages\/283\/revisions"}],"wp:featuredmedia":[{"embeddable":true,"href":"https:\/\/www.blagroep.nl\/hu\/wp-json\/wp\/v2\/media\/111"}],"wp:attachment":[{"href":"https:\/\/www.blagroep.nl\/hu\/wp-json\/wp\/v2\/media?parent=283"}],"curies":[{"name":"wp","href":"https:\/\/api.w.org\/{rel}","templated":true}]}}